{"id":305,"date":"2025-05-28T13:51:15","date_gmt":"2025-05-28T16:51:15","guid":{"rendered":"https:\/\/www.feculema.iema.ma.gov.br\/home\/?page_id=305"},"modified":"2025-10-09T19:42:22","modified_gmt":"2025-10-09T22:42:22","slug":"relatos-de-experiencias","status":"publish","type":"page","link":"https:\/\/www.feculema.iema.ma.gov.br\/home\/relatos-de-experiencias\/","title":{"rendered":"Relatos de experi\u00eancias"},"content":{"rendered":"\n<h2 class=\"wp-block-heading\"><strong>Participou da edi\u00e7\u00e3o 2025? Nos conte como foi sua experi\u00eancia.<\/strong><\/h2>\n\n\n<div class=\"forminator-ui forminator-custom-form forminator-custom-form-499 forminator-design--default  forminator_ajax\" data-forminator-render=\"0\" data-form=\"forminator-module-499\" data-uid=\"69d0220b71192\"><br\/><\/div><form\n\t\t\t\tid=\"forminator-module-499\"\n\t\t\t\tclass=\"forminator-ui forminator-custom-form forminator-custom-form-499 forminator-design--default  forminator_ajax\"\n\t\t\t\tmethod=\"post\"\n\t\t\t\tdata-forminator-render=\"0\"\n\t\t\t\tdata-form-id=\"499\"\n\t\t\t\t\n\t\t\t\tdata-design=\"default\"\n\t\t\t\t\n\t\t\t\t\n\t\t\t\t\n\t\t\t\tdata-grid=\"open\"\n\t\t\t\tenctype=\"multipart\/form-data\"\n\t\t\t\t\n\t\t\t\tstyle=\"display: none;\"\n\t\t\t\t\n\t\t\t\tdata-uid=\"69d0220b71192\"\n\t\t\t><div role=\"alert\" aria-live=\"polite\" class=\"forminator-response-message forminator-error\" aria-hidden=\"true\"><\/div><div class=\"forminator-row\"><div id=\"textarea-1\" class=\"forminator-field-textarea forminator-col forminator-col-12 \"><div class=\"forminator-field\"><label for=\"forminator-field-textarea-1_69d0220b71192\" id=\"forminator-field-textarea-1_69d0220b71192-label\" class=\"forminator-label\">Nos conte o seu relato <span class=\"forminator-required\">*<\/span><\/label><span id=\"forminator-field-textarea-1_69d0220b71192-description\" class=\"forminator-description\"><span data-limit=\"4000\" data-type=\"characters\" data-editor=\"\">0 \/ 4000<\/span><\/span><textarea name=\"textarea-1\" placeholder=\"\" id=\"forminator-field-textarea-1_69d0220b71192\" class=\"forminator-textarea\" rows=\"6\" style=\"min-height:280px;\" maxlength=\"4000\" ><\/textarea><\/div><\/div><\/div><div class=\"forminator-row\"><div id=\"upload-1\" class=\"forminator-field-upload forminator-col forminator-col-12 \"><div class=\"forminator-field\"><label for=\"forminator-field-upload-1_69d0220b71192\" id=\"forminator-field-upload-1_69d0220b71192-label\" class=\"forminator-label\">Possui fotos? Envie aqui <span class=\"forminator-required\">*<\/span><\/label><div class=\"forminator-multi-upload \" data-element=\"upload-1_69d0220b71192\"><input type=\"file\" name=\"upload-1[]\" id=\"forminator-field-upload-1_69d0220b71192\" class=\"forminator-input-file-required do-validate forminator-field-upload-1_69d0220b71192-499\" multiple=\"multiple\" data-method=\"ajax\" accept=\".jpg,.jpeg,.jpe,.gif,.png,.bmp,.tiff,.tif,.webp,.avif,.ico,.heic,.heif,.heics,.heifs,.psd,.xcf\" data-size=\"8000000\" data-size-message=\"Maximum file size allowed is 8 MB. \" data-filetype=\"jpg|jpeg|jpe|gif|png|bmp|tiff|tif|webp|avif|ico|heic|heif|heics|heifs|psd|xcf\" data-filetype-message=\"extens\u00e3o de arquivo n\u00e3o \u00e9 permitida.\"><div class=\"forminator-multi-upload-message\" aria-hidden=\"true\"><span class=\"forminator-icon-upload\" aria-hidden=\"true\"><\/span><p>Arrastar e soltar (ou) <a class=\"forminator-upload-file--forminator-field-upload-1_69d0220b71192\" href=\"#\" onclick=\"return false;\">Escolher os arquivos<\/a><\/p><\/div><\/div><ul class=\"forminator-uploaded-files upload-container-upload-1_69d0220b71192\"><\/ul><\/div><\/div><\/div><input type=\"hidden\" name=\"referer_url\" value=\"\" \/><div class=\"forminator-row forminator-row-last\"><div class=\"forminator-col\"><div class=\"forminator-field\"><button class=\"forminator-button forminator-button-submit\">Enviar relato<\/button><\/div><\/div><\/div><input type=\"hidden\" id=\"forminator_nonce\" name=\"forminator_nonce\" value=\"6f7f090316\" \/><input type=\"hidden\" name=\"_wp_http_referer\" value=\"\/home\/wp-json\/wp\/v2\/pages\/305\" \/><input type=\"hidden\" name=\"form_id\" value=\"499\"><input type=\"hidden\" name=\"page_id\" value=\"305\"><input type=\"hidden\" name=\"form_type\" value=\"default\"><input type=\"hidden\" name=\"current_url\" value=\"https:\/\/www.feculema.iema.ma.gov.br\/home\/relatos-de-experiencias\/\"><input type=\"hidden\" name=\"render_id\" value=\"0\"><input type=\"hidden\" name=\"forminator-multifile-hidden\" class=\"forminator-multifile-hidden\"><input type=\"hidden\" name=\"action\" value=\"forminator_submit_form_custom-forms\"><\/form>\n\n\n\n<p><\/p>\n","protected":false},"excerpt":{"rendered":"<p>Participou da edi\u00e7\u00e3o 2025? Nos conte como foi sua experi\u00eancia.<\/p>\n","protected":false},"author":1,"featured_media":0,"parent":0,"menu_order":0,"comment_status":"closed","ping_status":"closed","template":"","meta":{"footnotes":""},"class_list":["post-305","page","type-page","status-publish","hentry"],"_links":{"self":[{"href":"https:\/\/www.feculema.iema.ma.gov.br\/home\/wp-json\/wp\/v2\/pages\/305","targetHints":{"allow":["GET"]}}],"collection":[{"href":"https:\/\/www.feculema.iema.ma.gov.br\/home\/wp-json\/wp\/v2\/pages"}],"about":[{"href":"https:\/\/www.feculema.iema.ma.gov.br\/home\/wp-json\/wp\/v2\/types\/page"}],"author":[{"embeddable":true,"href":"https:\/\/www.feculema.iema.ma.gov.br\/home\/wp-json\/wp\/v2\/users\/1"}],"replies":[{"embeddable":true,"href":"https:\/\/www.feculema.iema.ma.gov.br\/home\/wp-json\/wp\/v2\/comments?post=305"}],"version-history":[{"count":11,"href":"https:\/\/www.feculema.iema.ma.gov.br\/home\/wp-json\/wp\/v2\/pages\/305\/revisions"}],"predecessor-version":[{"id":555,"href":"https:\/\/www.feculema.iema.ma.gov.br\/home\/wp-json\/wp\/v2\/pages\/305\/revisions\/555"}],"wp:attachment":[{"href":"https:\/\/www.feculema.iema.ma.gov.br\/home\/wp-json\/wp\/v2\/media?parent=305"}],"curies":[{"name":"wp","href":"https:\/\/api.w.org\/{rel}","templated":true}]}}